{"id":806,"date":"2019-05-17T08:03:36","date_gmt":"2019-05-17T08:03:36","guid":{"rendered":"https:\/\/www.demoapus-wp1.com\/careerup-import\/job-list-v5\/"},"modified":"2023-05-31T19:44:17","modified_gmt":"2023-05-31T17:44:17","slug":"nos-missions","status":"publish","type":"page","link":"https:\/\/www.aimstaff.fr\/fr\/nos-missions\/","title":{"rendered":"Nos missions"},"content":{"rendered":"<div class=\"jobs-listing-wrapper main-items-wrapper\" data-display_mode=\"list\">\n\t<div class=\"results-count\">\n\tShowing all 5 results<\/div><div class=\"jobs-alert-ordering-wrapper\">\n<div class=\"job-alert-form-btn\">\n\t<a href=\"javascript:void(0);\" class=\"btn btn-theme btn-job-alert\">Get Jobs Alerts<\/a>\n<\/div>\n<div class=\"job-alert-form-wrapper hidden\">\n\t<form method=\"get\" action=\"\" class=\"job-alert-form\">\n\t\t<div class=\"form-group\">\n\t\t    <label for=\"job_alert_title\">Title<\/label>\n\n\t\t    <input type=\"text\" name=\"name\" class=\"form-control\" id=\"job_alert_title\" placeholder=\"Title\">\n\t\t<\/div><!-- \/.form-group -->\n\n\t\t<div class=\"form-group\">\n\t\t    <label for=\"job_alert_email_frequency\">Email Frequency<\/label>\n\t\t    <div class=\"wrapper-select\">\n\t\t\t    <select name=\"email_frequency\" class=\"form-control\" id=\"job_alert_email_frequency\">\n\t\t\t        \t\t\t            \t\t\t                    <option value=\"daily\">Daily<\/option>\n\n\t\t\t                \t\t\t            \t\t\t                    <option value=\"weekly\">Weekly<\/option>\n\n\t\t\t                \t\t\t            \t\t\t                    <option value=\"fortnightly\">Fortnightly<\/option>\n\n\t\t\t                \t\t\t            \t\t\t                    <option value=\"monthly\">Monthly<\/option>\n\n\t\t\t                \t\t\t            \t\t\t                    <option value=\"biannually\">Biannually<\/option>\n\n\t\t\t                \t\t\t            \t\t\t                    <option value=\"annually\">Annually<\/option>\n\n\t\t\t                \t\t\t            \t\t\t        \t\t\t    <\/select>\n\t\t    <\/div>\n\t\t<\/div><!-- \/.form-group -->\n\n\t\t<input type=\"hidden\" id=\"nonce\" name=\"nonce\" value=\"262dd1d34b\" \/><input type=\"hidden\" name=\"_wp_http_referer\" value=\"\/fr\/wp-json\/wp\/v2\/pages\/806\" \/>\n\t\t<div class=\"form-group\">\n\t\t\t<button class=\"button\">Save Job Alert<\/button>\n\t\t<\/div><!-- \/.form-group -->\n\n\t<\/form>\n<\/div><div class=\"job-rss-btn margin-left-15\">\n\t<a class=\"btn btn-warning\" href=\"https:\/\/www.aimstaff.fr\/fr\/?feed=job_listing_feed\" target=\"_blank\">\n\t\t<i class=\"fa fa-feed\"><\/i>\n\t\tRSS Feed\t<\/a>\n<\/div><div class=\"jobs-ordering-wrapper\">\n\t<form class=\"jobs-ordering\" method=\"get\" action=\"https:\/\/www.aimstaff.fr\/fr\/jobs\/\">\n\t\t<div class=\"label\">Sort by:<\/div>\n\t\t<select name=\"filter-orderby\" class=\"orderby\" data-placeholder=\"Sort by\">\n\t\t\t\t\t\t\t<option value=\"menu_order\"  selected='selected'>Default<\/option>\n\t\t\t\t\t\t\t<option value=\"newest\" >Newest<\/option>\n\t\t\t\t\t\t\t<option value=\"oldest\" >Oldest<\/option>\n\t\t\t\t\t\t\t<option value=\"random\" >Random<\/option>\n\t\t\t\t\t<\/select>\n\t\t<input type=\"hidden\" name=\"paged\" value=\"1\" \/>\n\t\t\t<\/form>\n<\/div>\n<\/div>\n\n\t\t\t\t\t\n\t\t<div class=\"jobs-wrapper items-wrapper\">\n\t\t\t\t\t\t\t\t\t\t\t\t<article class=\"job-list-v3 job-card post-4266 job_listing type-job_listing status-publish hentry job_listing_type-portage-salarial\" data-latitude=\"\" data-longitude=\"\">\r\n    <div class=\"flex-middle\">\r\n        \r\n        <div class=\"employer-logo\">\r\n            <a href=\"https:\/\/www.aimstaff.fr\/fr\/mission\/ingenieur-specialise-en-developpement-dapi-en-python\/\">\r\n                                    <img decoding=\"async\" src=\"https:\/\/www.aimstaff.fr\/wp-content\/uploads\/2023\/05\/Design-sans-titre4-150x150.png\" alt=\"Ing\u00e9nieur sp\u00e9cialis\u00e9 en d\u00e9veloppement d\u2019API en PYTHON\">\r\n                            <\/a>\r\n        <\/div>\r\n\r\n        <div class=\"job-information\">\r\n                                                <a class=\"type-job\" href=\"https:\/\/www.aimstaff.fr\/fr\/type-mission\/portage-salarial\/\">Portage Salarial<\/a>\r\n                            \r\n            <div class=\"job-title-wrapper\">\r\n                <h2 class=\"job-title\"><a href=\"https:\/\/www.aimstaff.fr\/fr\/mission\/ingenieur-specialise-en-developpement-dapi-en-python\/\" rel=\"bookmark\">Ing\u00e9nieur sp\u00e9cialis\u00e9 en d\u00e9veloppement d\u2019API en PYTHON<\/a><\/h2>                \r\n                                \r\n            <\/div>\r\n            <div class=\"job-date-author\">\r\n                            <\/div>\r\n                    <\/div>\r\n    <\/div>\r\n    \r\n    \r\n<\/article><!-- #post-## -->\r\n\t\t\t\t\t\t\t\t\t<article class=\"job-list-v3 job-card post-4254 job_listing type-job_listing status-publish hentry job_listing_type-portage-salarial\" data-latitude=\"\" data-longitude=\"\">\r\n    <div class=\"flex-middle\">\r\n        \r\n        <div class=\"employer-logo\">\r\n            <a href=\"https:\/\/www.aimstaff.fr\/fr\/mission\/amoe-technique\/\">\r\n                                    <img decoding=\"async\" src=\"https:\/\/www.aimstaff.fr\/wp-content\/uploads\/2023\/05\/Design-sans-titre4-150x150.png\" alt=\"AMOE Technique\">\r\n                            <\/a>\r\n        <\/div>\r\n\r\n        <div class=\"job-information\">\r\n                                                <a class=\"type-job\" href=\"https:\/\/www.aimstaff.fr\/fr\/type-mission\/portage-salarial\/\">Portage Salarial<\/a>\r\n                            \r\n            <div class=\"job-title-wrapper\">\r\n                <h2 class=\"job-title\"><a href=\"https:\/\/www.aimstaff.fr\/fr\/mission\/amoe-technique\/\" rel=\"bookmark\">AMOE Technique<\/a><\/h2>                \r\n                                \r\n            <\/div>\r\n            <div class=\"job-date-author\">\r\n                            <\/div>\r\n                    <\/div>\r\n    <\/div>\r\n    \r\n    \r\n<\/article><!-- #post-## -->\r\n\t\t\t\t\t\t\t\t\t<article class=\"job-list-v3 job-card post-3191 job_listing type-job_listing status-publish has-post-thumbnail hentry job_listing_type-cdi job_listing_category-devops-et-infrastructure job_listing_location-paris\" data-latitude=\"\" data-longitude=\"\">\r\n    <div class=\"flex-middle\">\r\n        \r\n        <div class=\"employer-logo\">\r\n            <a href=\"https:\/\/www.aimstaff.fr\/fr\/mission\/devops\/\">\r\n                                    <img loading=\"lazy\" decoding=\"async\" width=\"150\" height=\"150\" src=\"https:\/\/www.aimstaff.fr\/wp-content\/uploads\/2023\/05\/Sans-titre24-150x150.png\" class=\"attachment-thumbnail size-thumbnail wp-post-image\" alt=\"\" \/>                            <\/a>\r\n        <\/div>\r\n\r\n        <div class=\"job-information\">\r\n                                                <a class=\"type-job\" href=\"https:\/\/www.aimstaff.fr\/fr\/type-mission\/cdi\/\">CDI<\/a>\r\n                            \r\n            <div class=\"job-title-wrapper\">\r\n                <h2 class=\"job-title\"><a href=\"https:\/\/www.aimstaff.fr\/fr\/mission\/devops\/\" rel=\"bookmark\">Devops<\/a><\/h2>                \r\n                                \r\n            <\/div>\r\n            <div class=\"job-date-author\">\r\n                            <\/div>\r\n                    <\/div>\r\n    <\/div>\r\n    \r\n    \r\n<\/article><!-- #post-## -->\r\n\t\t\t\t\t\t\t\t\t<article class=\"job-list-v3 job-card post-3192 job_listing type-job_listing status-publish has-post-thumbnail hentry job_listing_type-cdd job_listing_category-data-business-intelligence job_listing_location-paris\" data-latitude=\"\" data-longitude=\"\">\r\n    <div class=\"flex-middle\">\r\n        \r\n        <div class=\"employer-logo\">\r\n            <a href=\"https:\/\/www.aimstaff.fr\/fr\/mission\/data-engineer\/\">\r\n                                    <img loading=\"lazy\" decoding=\"async\" width=\"150\" height=\"150\" src=\"https:\/\/www.aimstaff.fr\/wp-content\/uploads\/2023\/05\/Design-sans-titre4-150x150.png\" class=\"attachment-thumbnail size-thumbnail wp-post-image\" alt=\"\" srcset=\"https:\/\/www.aimstaff.fr\/wp-content\/uploads\/2023\/05\/Design-sans-titre4-150x150.png 150w, https:\/\/www.aimstaff.fr\/wp-content\/uploads\/2023\/05\/Design-sans-titre4-11x12.png 11w\" sizes=\"auto, (max-width: 150px) 100vw, 150px\" \/>                            <\/a>\r\n        <\/div>\r\n\r\n        <div class=\"job-information\">\r\n                                                <a class=\"type-job\" href=\"https:\/\/www.aimstaff.fr\/fr\/type-mission\/cdd\/\">CDD<\/a>\r\n                            \r\n            <div class=\"job-title-wrapper\">\r\n                <h2 class=\"job-title\"><a href=\"https:\/\/www.aimstaff.fr\/fr\/mission\/data-engineer\/\" rel=\"bookmark\">Data Engineer<\/a><\/h2>                \r\n                                \r\n            <\/div>\r\n            <div class=\"job-date-author\">\r\n                            <\/div>\r\n                    <\/div>\r\n    <\/div>\r\n    \r\n    \r\n<\/article><!-- #post-## -->\r\n\t\t\t\t\t\t\t\t\t<article class=\"job-list-v3 job-card post-3186 job_listing type-job_listing status-publish has-post-thumbnail hentry job_listing_type-portage-salarial\" data-latitude=\"\" data-longitude=\"\">\r\n    <div class=\"flex-middle\">\r\n        \r\n        <div class=\"employer-logo\">\r\n            <a href=\"https:\/\/www.aimstaff.fr\/fr\/mission\/developpeur-full-stack\/\">\r\n                                    <img loading=\"lazy\" decoding=\"async\" width=\"150\" height=\"150\" src=\"https:\/\/www.aimstaff.fr\/wp-content\/uploads\/2023\/05\/Sans-titre24-150x150.png\" class=\"attachment-thumbnail size-thumbnail wp-post-image\" alt=\"\" \/>                            <\/a>\r\n        <\/div>\r\n\r\n        <div class=\"job-information\">\r\n                                                <a class=\"type-job\" href=\"https:\/\/www.aimstaff.fr\/fr\/type-mission\/portage-salarial\/\">Portage Salarial<\/a>\r\n                            \r\n            <div class=\"job-title-wrapper\">\r\n                <h2 class=\"job-title\"><a href=\"https:\/\/www.aimstaff.fr\/fr\/mission\/developpeur-full-stack\/\" rel=\"bookmark\">D\u00e9veloppeur Full stack<\/a><\/h2>                \r\n                                \r\n            <\/div>\r\n            <div class=\"job-date-author\">\r\n                            <\/div>\r\n                    <\/div>\r\n    <\/div>\r\n    \r\n    \r\n<\/article><!-- #post-## -->\r\n\t\t\t\t\t\t\t\t\t<\/div>\n\n\t\t\n\t\n\t<\/div><div class=\"jobs-pagination-wrapper main-pagination-wrapper\">\n\t<\/div>\n\n","protected":false},"excerpt":{"rendered":"","protected":false},"author":1,"featured_media":0,"parent":0,"menu_order":0,"comment_status":"closed","ping_status":"closed","template":"page-jobs.php","meta":{"footnotes":""},"class_list":["post-806","page","type-page","status-publish","hentry"],"yoast_head":"<!-- This site is optimized with the Yoast SEO plugin v20.8 - https:\/\/yoast.com\/wordpress\/plugins\/seo\/ -->\n<title>Nos missions - AIM STAFF<\/title>\n<meta name=\"robots\" content=\"index, follow, max-snippet:-1, max-image-preview:large, max-video-preview:-1\" \/>\n<link rel=\"canonical\" href=\"https:\/\/www.aimstaff.fr\/fr\/nos-missions\/\" \/>\n<meta property=\"og:locale\" content=\"fr_FR\" \/>\n<meta property=\"og:type\" content=\"article\" \/>\n<meta property=\"og:title\" content=\"Nos missions - AIM STAFF\" \/>\n<meta property=\"og:url\" content=\"https:\/\/www.aimstaff.fr\/fr\/nos-missions\/\" \/>\n<meta property=\"og:site_name\" content=\"AIM STAFF\" \/>\n<meta property=\"article:publisher\" content=\"https:\/\/www.facebook.com\/profile.php?id=100082950981723\" \/>\n<meta property=\"article:modified_time\" content=\"2023-05-31T17:44:17+00:00\" \/>\n<meta property=\"og:image\" content=\"https:\/\/www.aimstaff.fr\/wp-content\/uploads\/2023\/05\/Sans-titre24.png\" \/>\n\t<meta property=\"og:image:width\" content=\"190\" \/>\n\t<meta property=\"og:image:height\" content=\"210\" \/>\n\t<meta property=\"og:image:type\" content=\"image\/png\" \/>\n<meta name=\"twitter:card\" content=\"summary_large_image\" \/>\n<meta name=\"twitter:label1\" content=\"Dur\u00e9e de lecture estim\u00e9e\" \/>\n\t<meta name=\"twitter:data1\" content=\"1 minute\" \/>\n<script type=\"application\/ld+json\" class=\"yoast-schema-graph\">{\"@context\":\"https:\/\/schema.org\",\"@graph\":[{\"@type\":\"WebPage\",\"@id\":\"https:\/\/www.aimstaff.fr\/fr\/nos-missions\/\",\"url\":\"https:\/\/www.aimstaff.fr\/fr\/nos-missions\/\",\"name\":\"Nos missions - AIM STAFF\",\"isPartOf\":{\"@id\":\"https:\/\/www.aimstaff.fr\/fr\/#website\"},\"datePublished\":\"2019-05-17T08:03:36+00:00\",\"dateModified\":\"2023-05-31T17:44:17+00:00\",\"breadcrumb\":{\"@id\":\"https:\/\/www.aimstaff.fr\/fr\/nos-missions\/#breadcrumb\"},\"inLanguage\":\"fr-FR\",\"potentialAction\":[{\"@type\":\"ReadAction\",\"target\":[\"https:\/\/www.aimstaff.fr\/fr\/nos-missions\/\"]}]},{\"@type\":\"BreadcrumbList\",\"@id\":\"https:\/\/www.aimstaff.fr\/fr\/nos-missions\/#breadcrumb\",\"itemListElement\":[{\"@type\":\"ListItem\",\"position\":1,\"name\":\"Accueil\",\"item\":\"https:\/\/www.aimstaff.fr\/fr\/\"},{\"@type\":\"ListItem\",\"position\":2,\"name\":\"Nos missions\"}]},{\"@type\":\"WebSite\",\"@id\":\"https:\/\/www.aimstaff.fr\/fr\/#website\",\"url\":\"https:\/\/www.aimstaff.fr\/fr\/\",\"name\":\"AIM STAFF\",\"description\":\"Our aim is you sucess\",\"publisher\":{\"@id\":\"https:\/\/www.aimstaff.fr\/fr\/#organization\"},\"potentialAction\":[{\"@type\":\"SearchAction\",\"target\":{\"@type\":\"EntryPoint\",\"urlTemplate\":\"https:\/\/www.aimstaff.fr\/fr\/?s={search_term_string}\"},\"query-input\":\"required name=search_term_string\"}],\"inLanguage\":\"fr-FR\"},{\"@type\":\"Organization\",\"@id\":\"https:\/\/www.aimstaff.fr\/fr\/#organization\",\"name\":\"AIM STAFF\",\"alternateName\":\"AIM STAFF\",\"url\":\"https:\/\/www.aimstaff.fr\/fr\/\",\"logo\":{\"@type\":\"ImageObject\",\"inLanguage\":\"fr-FR\",\"@id\":\"https:\/\/www.aimstaff.fr\/fr\/#\/schema\/logo\/image\/\",\"url\":\"https:\/\/www.aimstaff.fr\/wp-content\/uploads\/2019\/04\/aim-staff-logo1-1-e1680484918573-1-e1683133656992.png\",\"contentUrl\":\"https:\/\/www.aimstaff.fr\/wp-content\/uploads\/2019\/04\/aim-staff-logo1-1-e1680484918573-1-e1683133656992.png\",\"width\":150,\"height\":28,\"caption\":\"AIM STAFF\"},\"image\":{\"@id\":\"https:\/\/www.aimstaff.fr\/fr\/#\/schema\/logo\/image\/\"},\"sameAs\":[\"https:\/\/www.facebook.com\/profile.php?id=100082950981723\",\"https:\/\/www.linkedin.com\/company\/aimstaff\/\",\"https:\/\/www.instagram.com\/aimstaff_consulting\/\"]}]}<\/script>\n<!-- \/ Yoast SEO plugin. -->","yoast_head_json":{"title":"Nos missions - AIM STAFF","robots":{"index":"index","follow":"follow","max-snippet":"max-snippet:-1","max-image-preview":"max-image-preview:large","max-video-preview":"max-video-preview:-1"},"canonical":"https:\/\/www.aimstaff.fr\/fr\/nos-missions\/","og_locale":"fr_FR","og_type":"article","og_title":"Nos missions - AIM STAFF","og_url":"https:\/\/www.aimstaff.fr\/fr\/nos-missions\/","og_site_name":"AIM STAFF","article_publisher":"https:\/\/www.facebook.com\/profile.php?id=100082950981723","article_modified_time":"2023-05-31T17:44:17+00:00","og_image":[{"width":190,"height":210,"url":"https:\/\/www.aimstaff.fr\/wp-content\/uploads\/2023\/05\/Sans-titre24.png","type":"image\/png"}],"twitter_card":"summary_large_image","twitter_misc":{"Dur\u00e9e de lecture estim\u00e9e":"1 minute"},"schema":{"@context":"https:\/\/schema.org","@graph":[{"@type":"WebPage","@id":"https:\/\/www.aimstaff.fr\/fr\/nos-missions\/","url":"https:\/\/www.aimstaff.fr\/fr\/nos-missions\/","name":"Nos missions - AIM STAFF","isPartOf":{"@id":"https:\/\/www.aimstaff.fr\/fr\/#website"},"datePublished":"2019-05-17T08:03:36+00:00","dateModified":"2023-05-31T17:44:17+00:00","breadcrumb":{"@id":"https:\/\/www.aimstaff.fr\/fr\/nos-missions\/#breadcrumb"},"inLanguage":"fr-FR","potentialAction":[{"@type":"ReadAction","target":["https:\/\/www.aimstaff.fr\/fr\/nos-missions\/"]}]},{"@type":"BreadcrumbList","@id":"https:\/\/www.aimstaff.fr\/fr\/nos-missions\/#breadcrumb","itemListElement":[{"@type":"ListItem","position":1,"name":"Accueil","item":"https:\/\/www.aimstaff.fr\/fr\/"},{"@type":"ListItem","position":2,"name":"Nos missions"}]},{"@type":"WebSite","@id":"https:\/\/www.aimstaff.fr\/fr\/#website","url":"https:\/\/www.aimstaff.fr\/fr\/","name":"AIM STAFF","description":"Our aim is you sucess","publisher":{"@id":"https:\/\/www.aimstaff.fr\/fr\/#organization"},"potentialAction":[{"@type":"SearchAction","target":{"@type":"EntryPoint","urlTemplate":"https:\/\/www.aimstaff.fr\/fr\/?s={search_term_string}"},"query-input":"required name=search_term_string"}],"inLanguage":"fr-FR"},{"@type":"Organization","@id":"https:\/\/www.aimstaff.fr\/fr\/#organization","name":"AIM STAFF","alternateName":"AIM STAFF","url":"https:\/\/www.aimstaff.fr\/fr\/","logo":{"@type":"ImageObject","inLanguage":"fr-FR","@id":"https:\/\/www.aimstaff.fr\/fr\/#\/schema\/logo\/image\/","url":"https:\/\/www.aimstaff.fr\/wp-content\/uploads\/2019\/04\/aim-staff-logo1-1-e1680484918573-1-e1683133656992.png","contentUrl":"https:\/\/www.aimstaff.fr\/wp-content\/uploads\/2019\/04\/aim-staff-logo1-1-e1680484918573-1-e1683133656992.png","width":150,"height":28,"caption":"AIM STAFF"},"image":{"@id":"https:\/\/www.aimstaff.fr\/fr\/#\/schema\/logo\/image\/"},"sameAs":["https:\/\/www.facebook.com\/profile.php?id=100082950981723","https:\/\/www.linkedin.com\/company\/aimstaff\/","https:\/\/www.instagram.com\/aimstaff_consulting\/"]}]}},"_links":{"self":[{"href":"https:\/\/www.aimstaff.fr\/fr\/wp-json\/wp\/v2\/pages\/806","targetHints":{"allow":["GET"]}}],"collection":[{"href":"https:\/\/www.aimstaff.fr\/fr\/wp-json\/wp\/v2\/pages"}],"about":[{"href":"https:\/\/www.aimstaff.fr\/fr\/wp-json\/wp\/v2\/types\/page"}],"author":[{"embeddable":true,"href":"https:\/\/www.aimstaff.fr\/fr\/wp-json\/wp\/v2\/users\/1"}],"replies":[{"embeddable":true,"href":"https:\/\/www.aimstaff.fr\/fr\/wp-json\/wp\/v2\/comments?post=806"}],"version-history":[{"count":1,"href":"https:\/\/www.aimstaff.fr\/fr\/wp-json\/wp\/v2\/pages\/806\/revisions"}],"predecessor-version":[{"id":4095,"href":"https:\/\/www.aimstaff.fr\/fr\/wp-json\/wp\/v2\/pages\/806\/revisions\/4095"}],"wp:attachment":[{"href":"https:\/\/www.aimstaff.fr\/fr\/wp-json\/wp\/v2\/media?parent=806"}],"curies":[{"name":"wp","href":"https:\/\/api.w.org\/{rel}","templated":true}]}}